{"id":29264,"date":"2024-04-24T18:06:52","date_gmt":"2024-04-24T16:06:52","guid":{"rendered":"https:\/\/savifrance.fr\/?page_id=29264"},"modified":"2024-04-24T18:56:47","modified_gmt":"2024-04-24T16:56:47","slug":"process","status":"publish","type":"page","link":"https:\/\/savifrance.fr\/en\/process\/","title":{"rendered":"PROCESS"},"content":{"rendered":"<p>[et_pb_section fb_built=\u00a0\u00bb1&Prime; fullwidth=\u00a0\u00bbon\u00a0\u00bb admin_label=\u00a0\u00bbSection\u00a0\u00bb _builder_version=\u00a0\u00bb4.16&Prime; custom_padding=\u00a0\u00bb0px|0px|0px|0px\u00a0\u00bb transparent_background=\u00a0\u00bboff\u00a0\u00bb make_fullwidth=\u00a0\u00bboff\u00a0\u00bb use_custom_width=\u00a0\u00bboff\u00a0\u00bb width_unit=\u00a0\u00bboff\u00a0\u00bb custom_width_px=\u00a0\u00bb1080px\u00a0\u00bb custom_width_percent=\u00a0\u00bb80%\u00a0\u00bb global_colors_info=\u00a0\u00bb{}\u00a0\u00bb][et_pb_fullwidth_slider admin_label=\u00a0\u00bbCurseur de d\u00e9filement plein \u00e9cran\u00a0\u00bb _builder_version=\u00a0\u00bb4.24.3&Prime; header_text_color=\u00a0\u00bb#E09900&Prime; body_text_color=\u00a0\u00bb#FFFFFF\u00a0\u00bb custom_padding=\u00a0\u00bb|||\u00a0\u00bb custom_padding_tablet=\u00a0\u00bb|||\u00a0\u00bb custom_padding_phone=\u00a0\u00bb|||\u00a0\u00bb border_width_top=\u00a0\u00bb4px\u00a0\u00bb border_color_top=\u00a0\u00bb#E09900&Prime; remove_inner_shadow=\u00a0\u00bbon\u00a0\u00bb hide_content_on_mobile=\u00a0\u00bboff\u00a0\u00bb hide_cta_on_mobile=\u00a0\u00bboff\u00a0\u00bb show_inner_shadow=\u00a0\u00bboff\u00a0\u00bb button_letter_spacing_hover=\u00a0\u00bb0&Prime; global_colors_info=\u00a0\u00bb{}\u00a0\u00bb button_text_size__hover_enabled=\u00a0\u00bboff\u00a0\u00bb button_one_text_size__hover_enabled=\u00a0\u00bboff\u00a0\u00bb button_two_text_size__hover_enabled=\u00a0\u00bboff\u00a0\u00bb button_text_color__hover_enabled=\u00a0\u00bboff\u00a0\u00bb button_one_text_color__hover_enabled=\u00a0\u00bboff\u00a0\u00bb button_two_text_color__hover_enabled=\u00a0\u00bboff\u00a0\u00bb button_border_width__hover_enabled=\u00a0\u00bboff\u00a0\u00bb button_one_border_width__hover_enabled=\u00a0\u00bboff\u00a0\u00bb button_two_border_width__hover_enabled=\u00a0\u00bboff\u00a0\u00bb button_border_color__hover_enabled=\u00a0\u00bboff\u00a0\u00bb button_one_border_color__hover_enabled=\u00a0\u00bboff\u00a0\u00bb button_two_border_color__hover_enabled=\u00a0\u00bboff\u00a0\u00bb button_border_radius__hover_enabled=\u00a0\u00bboff\u00a0\u00bb button_one_border_radius__hover_enabled=\u00a0\u00bboff\u00a0\u00bb button_two_border_radius__hover_enabled=\u00a0\u00bboff\u00a0\u00bb button_letter_spacing__hover_enabled=\u00a0\u00bbon\u00a0\u00bb button_letter_spacing__hover=\u00a0\u00bb0&Prime; button_one_letter_spacing__hover_enabled=\u00a0\u00bboff\u00a0\u00bb button_two_letter_spacing__hover_enabled=\u00a0\u00bboff\u00a0\u00bb button_bg_color__hover_enabled=\u00a0\u00bboff\u00a0\u00bb button_one_bg_color__hover_enabled=\u00a0\u00bboff\u00a0\u00bb button_two_bg_color__hover_enabled=\u00a0\u00bboff\u00a0\u00bb][et_pb_slide heading=\u00a0\u00bbPROCESS\u00a0\u00bb use_bg_overlay=\u00a0\u00bbon\u00a0\u00bb bg_overlay_color=\u00a0\u00bbrgba(0,0,0,0.5)\u00a0\u00bb use_text_overlay=\u00a0\u00bboff\u00a0\u00bb _builder_version=\u00a0\u00bb4.24.3&Prime; header_font=\u00a0\u00bb||||\u00a0\u00bb header_font_size=\u00a0\u00bb85&Prime; body_font=\u00a0\u00bb||||\u00a0\u00bb body_line_height=\u00a0\u00bb1.5em\u00a0\u00bb background_image=\u00a0\u00bbhttps:\/\/savifrance.fr\/wp-content\/uploads\/2024\/04\/ManufacturingSoaps-e1712591962963.jpg\u00a0\u00bb background_enable_image=\u00a0\u00bbon\u00a0\u00bb parallax=\u00a0\u00bbon\u00a0\u00bb custom_button=\u00a0\u00bbon\u00a0\u00bb button_text_size=\u00a0\u00bb16&Prime; button_text_color=\u00a0\u00bb#ffffff\u00a0\u00bb button_border_color=\u00a0\u00bb#ffffff\u00a0\u00bb button_font=\u00a0\u00bb||||\u00a0\u00bb button_use_icon=\u00a0\u00bboff\u00a0\u00bb header_font_size_tablet=\u00a0\u00bb80px\u00a0\u00bb header_font_size_phone=\u00a0\u00bb50px\u00a0\u00bb header_font_size_last_edited=\u00a0\u00bbon|phone\u00a0\u00bb body_font_size_tablet=\u00a0\u00bb\u00a0\u00bb body_font_size_phone=\u00a0\u00bb\u00a0\u00bb body_font_size_last_edited=\u00a0\u00bbon|desktop\u00a0\u00bb button_text_size_tablet=\u00a0\u00bb16&Prime; button_text_size_phone=\u00a0\u00bb16&Prime; button_text_color_hover=\u00a0\u00bb#666666&Prime; button_bg_color_hover=\u00a0\u00bb#ffffff\u00a0\u00bb global_colors_info=\u00a0\u00bb{}\u00a0\u00bb button_text_size__hover_enabled=\u00a0\u00bboff\u00a0\u00bb button_one_text_size__hover_enabled=\u00a0\u00bboff\u00a0\u00bb button_two_text_size__hover_enabled=\u00a0\u00bboff\u00a0\u00bb button_text_color__hover_enabled=\u00a0\u00bbon\u00a0\u00bb button_text_color__hover=\u00a0\u00bb#666666&Prime; button_one_text_color__hover_enabled=\u00a0\u00bboff\u00a0\u00bb button_two_text_color__hover_enabled=\u00a0\u00bboff\u00a0\u00bb button_border_width__hover_enabled=\u00a0\u00bboff\u00a0\u00bb button_one_border_width__hover_enabled=\u00a0\u00bboff\u00a0\u00bb button_two_border_width__hover_enabled=\u00a0\u00bboff\u00a0\u00bb button_border_color__hover_enabled=\u00a0\u00bboff\u00a0\u00bb button_one_border_color__hover_enabled=\u00a0\u00bboff\u00a0\u00bb button_two_border_color__hover_enabled=\u00a0\u00bboff\u00a0\u00bb button_border_radius__hover_enabled=\u00a0\u00bboff\u00a0\u00bb button_one_border_radius__hover_enabled=\u00a0\u00bboff\u00a0\u00bb button_two_border_radius__hover_enabled=\u00a0\u00bboff\u00a0\u00bb button_letter_spacing__hover_enabled=\u00a0\u00bboff\u00a0\u00bb button_one_letter_spacing__hover_enabled=\u00a0\u00bboff\u00a0\u00bb button_two_letter_spacing__hover_enabled=\u00a0\u00bboff\u00a0\u00bb button_bg_color__hover_enabled=\u00a0\u00bbon\u00a0\u00bb button_bg_color__hover=\u00a0\u00bb#ffffff\u00a0\u00bb button_one_bg_color__hover_enabled=\u00a0\u00bboff\u00a0\u00bb button_two_bg_color__hover_enabled=\u00a0\u00bboff\u00a0\u00bb sticky_transition=\u00a0\u00bbon\u00a0\u00bb]<\/p>\n<p style=\"text-align: center;\">Ressources sur les diff\u00e9rents process de fabrication des savons<\/p>\n<p>[\/et_pb_slide][\/et_pb_fullwidth_slider][\/et_pb_section][et_pb_section fb_built=\u00a0\u00bb1&Prime; _builder_version=\u00a0\u00bb4.25.0&Prime; background_image=\u00a0\u00bbhttps:\/\/savifrance.fr\/wp-content\/uploads\/2024\/04\/bgbulles.jpg\u00a0\u00bb transparent_background=\u00a0\u00bboff\u00a0\u00bb make_fullwidth=\u00a0\u00bboff\u00a0\u00bb use_custom_width=\u00a0\u00bboff\u00a0\u00bb width_unit=\u00a0\u00bboff\u00a0\u00bb custom_width_px=\u00a0\u00bb1080px\u00a0\u00bb custom_width_percent=\u00a0\u00bb80%\u00a0\u00bb global_colors_info=\u00a0\u00bb{}\u00a0\u00bb][et_pb_row column_structure=\u00a0\u00bb1_2,1_4,1_4&Prime; _builder_version=\u00a0\u00bb4.25.0&Prime; _module_preset=\u00a0\u00bbdefault\u00a0\u00bb background_color=\u00a0\u00bb#FFFFFF\u00a0\u00bb custom_margin=\u00a0\u00bb||20px||false|false\u00a0\u00bb animation_style=\u00a0\u00bbflip\u00a0\u00bb border_radii=\u00a0\u00bboff|10px|10px|10px|10px\u00a0\u00bb border_width_all=\u00a0\u00bb4px\u00a0\u00bb border_color_all=\u00a0\u00bb#E09900&Prime; global_colors_info=\u00a0\u00bb{}\u00a0\u00bb][et_pb_column type=\u00a0\u00bb1_2&Prime; _builder_version=\u00a0\u00bb4.25.0&Prime; _module_preset=\u00a0\u00bbdefault\u00a0\u00bb global_colors_info=\u00a0\u00bb{}\u00a0\u00bb][et_pb_team_member name=\u00a0\u00bbLigne de finition de savon version semi-automatique\u00a0\u00bb position=\u00a0\u00bb Semi-automatic soap finishing line\u00a0\u00bb _builder_version=\u00a0\u00bb4.25.0&Prime; _module_preset=\u00a0\u00bbdefault\u00a0\u00bb header_font=\u00a0\u00bb|700|||||||\u00a0\u00bb header_text_align=\u00a0\u00bbcenter\u00a0\u00bb body_font=\u00a0\u00bb|700|||||||\u00a0\u00bb body_text_align=\u00a0\u00bbcenter\u00a0\u00bb body_text_color=\u00a0\u00bb#E09900&Prime; custom_padding=\u00a0\u00bb30px|10%|30px|10%|true|true\u00a0\u00bb animation_style=\u00a0\u00bbflip\u00a0\u00bb locked=\u00a0\u00bboff\u00a0\u00bb global_colors_info=\u00a0\u00bb{}\u00a0\u00bb]&nbsp;<br \/>\nLe projet consiste \u00e0 la cr\u00e9ation d\u2019une ligne de finition de savon utilisant des mati\u00e8res premi\u00e8res semi-ouvrag\u00e9es (bondillon), des parfums, des cr\u00e8mes et autres.<br \/>\nLa capacit\u00e9 de la ligne sera comprise entre 80 et 100 kg\/h avec des savons ayant un poids allant de 15 \u00e0 200 grammes.[\/et_pb_team_member][\/et_pb_column][et_pb_column type=\u00a0\u00bb1_4&Prime; _builder_version=\u00a0\u00bb4.25.0&Prime; _module_preset=\u00a0\u00bbdefault\u00a0\u00bb global_colors_info=\u00a0\u00bb{}\u00a0\u00bb][et_pb_image src=\u00a0\u00bbhttps:\/\/savifrance.fr\/wp-content\/uploads\/2024\/04\/Finitionsemiauto-e1713972358715.jpg\u00a0\u00bb alt=\u00a0\u00bbLigne de finition de savon version semi-automatique\u00a0\u00bb title_text=\u00a0\u00bbLigne de finition de savon version semi-automatique\u00a0\u00bb url=\u00a0\u00bbhttps:\/\/savifrance.fr\/wp-content\/uploads\/2024\/04\/Finition_semi_auto.pdf\u00a0\u00bb align=\u00a0\u00bbcenter\u00a0\u00bb force_fullwidth=\u00a0\u00bbon\u00a0\u00bb _builder_version=\u00a0\u00bb4.25.0&Prime; _module_preset=\u00a0\u00bbdefault\u00a0\u00bb global_colors_info=\u00a0\u00bb{}\u00a0\u00bb][\/et_pb_image][\/et_pb_column][et_pb_column type=\u00a0\u00bb1_4&Prime; _builder_version=\u00a0\u00bb4.25.0&Prime; _module_preset=\u00a0\u00bbdefault\u00a0\u00bb global_colors_info=\u00a0\u00bb{}\u00a0\u00bb][et_pb_image src=\u00a0\u00bbhttps:\/\/savifrance.fr\/wp-content\/uploads\/2024\/04\/Soapfinishinglinesemiauto-e1713972303698.jpg\u00a0\u00bb alt=\u00a0\u00bbSemi-automatic soap finishing line\u00a0\u00bb title_text=\u00a0\u00bbSemi-automatic soap finishing line\u00a0\u00bb url=\u00a0\u00bbhttps:\/\/savifrance.fr\/wp-content\/uploads\/2024\/04\/Soap_finishing_line_semi_auto.pdf\u00a0\u00bb align=\u00a0\u00bbcenter\u00a0\u00bb force_fullwidth=\u00a0\u00bbon\u00a0\u00bb _builder_version=\u00a0\u00bb4.25.0&Prime; _module_preset=\u00a0\u00bbdefault\u00a0\u00bb global_colors_info=\u00a0\u00bb{}\u00a0\u00bb][\/et_pb_image][\/et_pb_column][\/et_pb_row][et_pb_row column_structure=\u00a0\u00bb1_2,1_4,1_4&Prime; _builder_version=\u00a0\u00bb4.25.0&Prime; _module_preset=\u00a0\u00bbdefault\u00a0\u00bb background_color=\u00a0\u00bb#FFFFFF\u00a0\u00bb custom_margin=\u00a0\u00bb||20px||false|false\u00a0\u00bb animation_style=\u00a0\u00bbflip\u00a0\u00bb border_radii=\u00a0\u00bboff|10px|10px|10px|10px\u00a0\u00bb border_width_all=\u00a0\u00bb4px\u00a0\u00bb border_color_all=\u00a0\u00bb#E09900&Prime; global_colors_info=\u00a0\u00bb{}\u00a0\u00bb][et_pb_column type=\u00a0\u00bb1_2&Prime; _builder_version=\u00a0\u00bb4.25.0&Prime; _module_preset=\u00a0\u00bbdefault\u00a0\u00bb global_colors_info=\u00a0\u00bb{}\u00a0\u00bb][et_pb_team_member name=\u00a0\u00bbLigne de finition de savon version automatique\u00a0\u00bb position=\u00a0\u00bbAutomatic soap finishing line\u00a0\u00bb _builder_version=\u00a0\u00bb4.25.0&Prime; _module_preset=\u00a0\u00bbdefault\u00a0\u00bb header_font=\u00a0\u00bb|700|||||||\u00a0\u00bb header_text_align=\u00a0\u00bbcenter\u00a0\u00bb body_font=\u00a0\u00bb|700|||||||\u00a0\u00bb body_text_align=\u00a0\u00bbcenter\u00a0\u00bb body_text_color=\u00a0\u00bb#E09900&Prime; custom_padding=\u00a0\u00bb30px|10%|30px|10%|true|true\u00a0\u00bb animation_style=\u00a0\u00bbflip\u00a0\u00bb locked=\u00a0\u00bboff\u00a0\u00bb global_colors_info=\u00a0\u00bb{}\u00a0\u00bb]&nbsp;<br \/>\nLe projet consiste \u00e0 la cr\u00e9ation d\u2019une ligne de savon de toilette avec utilisation de mati\u00e8res premi\u00e8res semi-ouvrag\u00e9es (bondillon de savon), bases parfum\u00e9es, cr\u00e8me, adoucissants et autres. La capacit\u00e9 envisag\u00e9e est de 200 \u00e0 2000 kg\/h avec des savons d\u2019un poids compris entre 15 et 400 grammes.[\/et_pb_team_member][\/et_pb_column][et_pb_column type=\u00a0\u00bb1_4&Prime; _builder_version=\u00a0\u00bb4.25.0&Prime; _module_preset=\u00a0\u00bbdefault\u00a0\u00bb global_colors_info=\u00a0\u00bb{}\u00a0\u00bb][et_pb_image src=\u00a0\u00bbhttps:\/\/savifrance.fr\/wp-content\/uploads\/2024\/04\/Finitionauto-e1713972347878.jpg\u00a0\u00bb alt=\u00a0\u00bbLigne de finition de savon version automatique\u00a0\u00bb title_text=\u00a0\u00bbLigne de finition de savon version automatique\u00a0\u00bb url=\u00a0\u00bbhttps:\/\/savifrance.fr\/wp-content\/uploads\/2024\/04\/Finition_auto.pdf\u00a0\u00bb align=\u00a0\u00bbcenter\u00a0\u00bb _builder_version=\u00a0\u00bb4.25.0&Prime; _module_preset=\u00a0\u00bbdefault\u00a0\u00bb global_colors_info=\u00a0\u00bb{}\u00a0\u00bb][\/et_pb_image][\/et_pb_column][et_pb_column type=\u00a0\u00bb1_4&Prime; _builder_version=\u00a0\u00bb4.25.0&Prime; _module_preset=\u00a0\u00bbdefault\u00a0\u00bb global_colors_info=\u00a0\u00bb{}\u00a0\u00bb][et_pb_image src=\u00a0\u00bbhttps:\/\/savifrance.fr\/wp-content\/uploads\/2024\/04\/Soapfinishinglineauto-e1713972252158.jpg\u00a0\u00bb alt=\u00a0\u00bbAutomatic soap finishing line\u00a0\u00bb title_text=\u00a0\u00bbAutomatic soap finishing line\u00a0\u00bb url=\u00a0\u00bbhttps:\/\/savifrance.fr\/wp-content\/uploads\/2024\/04\/Soap_finishing_line_auto.pdf\u00a0\u00bb align=\u00a0\u00bbcenter\u00a0\u00bb _builder_version=\u00a0\u00bb4.25.0&Prime; _module_preset=\u00a0\u00bbdefault\u00a0\u00bb global_colors_info=\u00a0\u00bb{}\u00a0\u00bb][\/et_pb_image][\/et_pb_column][\/et_pb_row][et_pb_row column_structure=\u00a0\u00bb1_2,1_4,1_4&Prime; _builder_version=\u00a0\u00bb4.25.0&Prime; _module_preset=\u00a0\u00bbdefault\u00a0\u00bb background_color=\u00a0\u00bb#FFFFFF\u00a0\u00bb custom_margin=\u00a0\u00bb||20px||false|false\u00a0\u00bb animation_style=\u00a0\u00bbflip\u00a0\u00bb border_radii=\u00a0\u00bboff|10px|10px|10px|10px\u00a0\u00bb border_width_all=\u00a0\u00bb4px\u00a0\u00bb border_color_all=\u00a0\u00bb#E09900&Prime; global_colors_info=\u00a0\u00bb{}\u00a0\u00bb][et_pb_column type=\u00a0\u00bb1_2&Prime; _builder_version=\u00a0\u00bb4.25.0&Prime; _module_preset=\u00a0\u00bbdefault\u00a0\u00bb global_colors_info=\u00a0\u00bb{}\u00a0\u00bb][et_pb_team_member name=\u00a0\u00bbLigne de finition de savon de m\u00e9nage\u00a0\u00bb position=\u00a0\u00bbSoap finishing line for household soap\u00a0\u00bb _builder_version=\u00a0\u00bb4.25.0&Prime; _module_preset=\u00a0\u00bbdefault\u00a0\u00bb header_font=\u00a0\u00bb|700|||||||\u00a0\u00bb header_text_align=\u00a0\u00bbcenter\u00a0\u00bb body_font=\u00a0\u00bb|700|||||||\u00a0\u00bb body_text_align=\u00a0\u00bbcenter\u00a0\u00bb body_text_color=\u00a0\u00bb#E09900&Prime; custom_padding=\u00a0\u00bb30px|10%|30px|10%|true|true\u00a0\u00bb animation_style=\u00a0\u00bbflip\u00a0\u00bb locked=\u00a0\u00bboff\u00a0\u00bb global_colors_info=\u00a0\u00bb{}\u00a0\u00bb]&nbsp;<br \/>\nLa fabrication de savon de m\u00e9nage est diff\u00e9rente de celle des savons de toilette. La ligne de finition est automatique mais les machines utilis\u00e9es sont d\u2019une plus grande capacit\u00e9 vu que le savon de m\u00e9nage est par d\u00e9finition plus grand que le savon de toilette et que la quantit\u00e9 produite doit \u00eatre importante.[\/et_pb_team_member][\/et_pb_column][et_pb_column type=\u00a0\u00bb1_4&Prime; _builder_version=\u00a0\u00bb4.25.0&Prime; _module_preset=\u00a0\u00bbdefault\u00a0\u00bb global_colors_info=\u00a0\u00bb{}\u00a0\u00bb][et_pb_image src=\u00a0\u00bbhttps:\/\/savifrance.fr\/wp-content\/uploads\/2024\/04\/Finitionsavondemenage-e1713972338947.jpg\u00a0\u00bb alt=\u00a0\u00bbLigne de finition de savon de m\u00e9nage\u00a0\u00bb title_text=\u00a0\u00bbLigne de finition de savon de m\u00e9nage\u00a0\u00bb url=\u00a0\u00bbhttps:\/\/savifrance.fr\/wp-content\/uploads\/2024\/04\/Finition_savon_de_menage.pdf\u00a0\u00bb align=\u00a0\u00bbcenter\u00a0\u00bb _builder_version=\u00a0\u00bb4.25.0&Prime; _module_preset=\u00a0\u00bbdefault\u00a0\u00bb global_colors_info=\u00a0\u00bb{}\u00a0\u00bb][\/et_pb_image][\/et_pb_column][et_pb_column type=\u00a0\u00bb1_4&Prime; _builder_version=\u00a0\u00bb4.25.0&Prime; _module_preset=\u00a0\u00bbdefault\u00a0\u00bb global_colors_info=\u00a0\u00bb{}\u00a0\u00bb][et_pb_image src=\u00a0\u00bbhttps:\/\/savifrance.fr\/wp-content\/uploads\/2024\/04\/Soapfinishinglineforhouseholdsoap-e1713972290890.jpg\u00a0\u00bb alt=\u00a0\u00bbSoap finishing line for house hold soap\u00a0\u00bb title_text=\u00a0\u00bbSoap finishing line for house hold soap\u00a0\u00bb url=\u00a0\u00bbhttps:\/\/savifrance.fr\/wp-content\/uploads\/2024\/04\/Soap_finishing_line_for_household_soap.pdf\u00a0\u00bb align=\u00a0\u00bbcenter\u00a0\u00bb _builder_version=\u00a0\u00bb4.25.0&Prime; _module_preset=\u00a0\u00bbdefault\u00a0\u00bb global_colors_info=\u00a0\u00bb{}\u00a0\u00bb][\/et_pb_image][\/et_pb_column][\/et_pb_row][et_pb_row column_structure=\u00a0\u00bb1_2,1_4,1_4&Prime; _builder_version=\u00a0\u00bb4.25.0&Prime; _module_preset=\u00a0\u00bbdefault\u00a0\u00bb background_color=\u00a0\u00bb#FFFFFF\u00a0\u00bb custom_margin=\u00a0\u00bb||20px||false|false\u00a0\u00bb animation_style=\u00a0\u00bbflip\u00a0\u00bb border_radii=\u00a0\u00bboff|10px|10px|10px|10px\u00a0\u00bb border_width_all=\u00a0\u00bb4px\u00a0\u00bb border_color_all=\u00a0\u00bb#E09900&Prime; global_colors_info=\u00a0\u00bb{}\u00a0\u00bb][et_pb_column type=\u00a0\u00bb1_2&Prime; _builder_version=\u00a0\u00bb4.25.0&Prime; _module_preset=\u00a0\u00bbdefault\u00a0\u00bb global_colors_info=\u00a0\u00bb{}\u00a0\u00bb][et_pb_team_member name=\u00a0\u00bbLigne se saponification de savon mi-cuit\u00a0\u00bb position=\u00a0\u00bbSemi-boiled saponification plant\u00a0\u00bb _builder_version=\u00a0\u00bb4.25.0&Prime; _module_preset=\u00a0\u00bbdefault\u00a0\u00bb header_font=\u00a0\u00bb|700|||||||\u00a0\u00bb header_text_align=\u00a0\u00bbcenter\u00a0\u00bb body_font=\u00a0\u00bb|700|||||||\u00a0\u00bb body_text_align=\u00a0\u00bbcenter\u00a0\u00bb body_text_color=\u00a0\u00bb#E09900&Prime; custom_padding=\u00a0\u00bb30px|10%|30px|10%|true|true\u00a0\u00bb animation_style=\u00a0\u00bbflip\u00a0\u00bb locked=\u00a0\u00bboff\u00a0\u00bb global_colors_info=\u00a0\u00bb{}\u00a0\u00bb]&nbsp;<br \/>\nLa saponification mi-cuite est un processus permettant de fabriquer du savon \u00e0 l\u2019aide de pratiquement n\u2019importe quel type de graisses neutres. Elle est de type discontinue et le savon produit contient de la Glyc\u00e9rine, sauf si on utilise de l\u2019acide gras, donc il n\u2019est pas n\u00e9cessaire de le laver.[\/et_pb_team_member][\/et_pb_column][et_pb_column type=\u00a0\u00bb1_4&Prime; _builder_version=\u00a0\u00bb4.25.0&Prime; _module_preset=\u00a0\u00bbdefault\u00a0\u00bb global_colors_info=\u00a0\u00bb{}\u00a0\u00bb][et_pb_image src=\u00a0\u00bbhttps:\/\/savifrance.fr\/wp-content\/uploads\/2024\/04\/Sapomicuite-e1713972328156.jpg\u00a0\u00bb alt=\u00a0\u00bbLigne se saponification de savon mi-cuit\u00a0\u00bb title_text=\u00a0\u00bbLigne se saponification de savon mi-cuit\u00a0\u00bb url=\u00a0\u00bbhttps:\/\/savifrance.fr\/wp-content\/uploads\/2024\/04\/Sapo_mi_cuite.pdf\u00a0\u00bb align=\u00a0\u00bbcenter\u00a0\u00bb _builder_version=\u00a0\u00bb4.25.0&Prime; _module_preset=\u00a0\u00bbdefault\u00a0\u00bb global_colors_info=\u00a0\u00bb{}\u00a0\u00bb][\/et_pb_image][\/et_pb_column][et_pb_column type=\u00a0\u00bb1_4&Prime; _builder_version=\u00a0\u00bb4.25.0&Prime; _module_preset=\u00a0\u00bbdefault\u00a0\u00bb global_colors_info=\u00a0\u00bb{}\u00a0\u00bb][et_pb_image src=\u00a0\u00bbhttps:\/\/savifrance.fr\/wp-content\/uploads\/2024\/04\/Semiboiledsaponificationplant-e1713972279116.jpg\u00a0\u00bb alt=\u00a0\u00bbSemi boiled saponification plant\u00a0\u00bb title_text=\u00a0\u00bbSemi boiled saponification plant\u00a0\u00bb url=\u00a0\u00bbhttps:\/\/savifrance.fr\/wp-content\/uploads\/2024\/04\/Semi_boiled_saponification_plant.pdf\u00a0\u00bb align=\u00a0\u00bbcenter\u00a0\u00bb _builder_version=\u00a0\u00bb4.25.0&Prime; _module_preset=\u00a0\u00bbdefault\u00a0\u00bb global_colors_info=\u00a0\u00bb{}\u00a0\u00bb][\/et_pb_image][\/et_pb_column][\/et_pb_row][et_pb_row column_structure=\u00a0\u00bb1_2,1_4,1_4&Prime; _builder_version=\u00a0\u00bb4.25.0&Prime; _module_preset=\u00a0\u00bbdefault\u00a0\u00bb background_color=\u00a0\u00bb#FFFFFF\u00a0\u00bb animation_style=\u00a0\u00bbflip\u00a0\u00bb border_radii=\u00a0\u00bboff|10px|10px|10px|10px\u00a0\u00bb border_width_all=\u00a0\u00bb4px\u00a0\u00bb border_color_all=\u00a0\u00bb#E09900&Prime; global_colors_info=\u00a0\u00bb{}\u00a0\u00bb][et_pb_column type=\u00a0\u00bb1_2&Prime; _builder_version=\u00a0\u00bb4.25.0&Prime; _module_preset=\u00a0\u00bbdefault\u00a0\u00bb global_colors_info=\u00a0\u00bb{}\u00a0\u00bb][et_pb_team_member name=\u00a0\u00bbLigne de s\u00e9chage sous vide de savon\u00a0\u00bb position=\u00a0\u00bbVacuum drying line\u00a0\u00bb _builder_version=\u00a0\u00bb4.25.0&Prime; _module_preset=\u00a0\u00bbdefault\u00a0\u00bb header_font=\u00a0\u00bb|700|||||||\u00a0\u00bb header_text_align=\u00a0\u00bbcenter\u00a0\u00bb body_font=\u00a0\u00bb|700|||||||\u00a0\u00bb body_text_align=\u00a0\u00bbcenter\u00a0\u00bb body_text_color=\u00a0\u00bb#E09900&Prime; custom_padding=\u00a0\u00bb30px|10%|30px|10%|true|true\u00a0\u00bb animation_style=\u00a0\u00bbflip\u00a0\u00bb locked=\u00a0\u00bboff\u00a0\u00bb global_colors_info=\u00a0\u00bb{}\u00a0\u00bb]<\/p>\n<p>\u00a0<br \/>Le s\u00e9chage sous vide est une des techniques de s\u00e9chage du savon o\u00f9 ce dernier est s\u00e9ch\u00e9, d\u00e9tendu au vide et refroidi en m\u00eame temps. C\u2019est la technique que nous pr\u00e9conisons. A part la question de la qualit\u00e9 du savon, les pr\u00e9occupations concernant la consommation et la disponibilit\u00e9 d\u2019eau de refroidissement \u00e0 basse temp\u00e9rature sont tr\u00e8s importantes dans le choix du proc\u00e9d\u00e9 de s\u00e9chage.<\/p>\n<p>[\/et_pb_team_member][\/et_pb_column][et_pb_column type=\u00a0\u00bb1_4&Prime; _builder_version=\u00a0\u00bb4.25.0&Prime; _module_preset=\u00a0\u00bbdefault\u00a0\u00bb global_colors_info=\u00a0\u00bb{}\u00a0\u00bb][et_pb_image src=\u00a0\u00bbhttps:\/\/savifrance.fr\/wp-content\/uploads\/2024\/04\/Sechagesousvide-e1713972316541.jpg\u00a0\u00bb alt=\u00a0\u00bbLigne de s\u00e9chage sous vide de savon\u00a0\u00bb title_text=\u00a0\u00bbLigne de s\u00e9chage sous vide de savon\u00a0\u00bb url=\u00a0\u00bbhttps:\/\/savifrance.fr\/wp-content\/uploads\/2024\/04\/Sechage_sous_vide.pdf\u00a0\u00bb align=\u00a0\u00bbcenter\u00a0\u00bb _builder_version=\u00a0\u00bb4.25.0&Prime; _module_preset=\u00a0\u00bbdefault\u00a0\u00bb global_colors_info=\u00a0\u00bb{}\u00a0\u00bb][\/et_pb_image][\/et_pb_column][et_pb_column type=\u00a0\u00bb1_4&Prime; _builder_version=\u00a0\u00bb4.25.0&Prime; _module_preset=\u00a0\u00bbdefault\u00a0\u00bb global_colors_info=\u00a0\u00bb{}\u00a0\u00bb][et_pb_image src=\u00a0\u00bbhttps:\/\/savifrance.fr\/wp-content\/uploads\/2024\/04\/Vacuumdrying-e1713972266453.jpg\u00a0\u00bb alt=\u00a0\u00bbVacuum drying line\u00a0\u00bb title_text=\u00a0\u00bbVacuum drying line\u00a0\u00bb url=\u00a0\u00bbhttps:\/\/savifrance.fr\/wp-content\/uploads\/2024\/04\/Vacuum_drying.pdf\u00a0\u00bb align=\u00a0\u00bbcenter\u00a0\u00bb _builder_version=\u00a0\u00bb4.25.0&Prime; _module_preset=\u00a0\u00bbdefault\u00a0\u00bb global_colors_info=\u00a0\u00bb{}\u00a0\u00bb][\/et_pb_image][\/et_pb_column][\/et_pb_row][\/et_pb_section]<\/p>\n","protected":false},"excerpt":{"rendered":"<p>Ressources sur les diff\u00e9rents process de fabrication des savons&nbsp; Le projet consiste \u00e0 la cr\u00e9ation d\u2019une ligne de finition de savon utilisant des mati\u00e8res premi\u00e8res semi-ouvrag\u00e9es (bondillon), des parfums, des cr\u00e8mes et autres. La capacit\u00e9 de la ligne sera comprise entre 80 et 100 kg\/h avec des savons ayant un poids allant de 15 \u00e0 [&hellip;]<\/p>\n","protected":false},"author":1,"featured_media":0,"parent":0,"menu_order":0,"comment_status":"closed","ping_status":"closed","template":"","meta":{"_et_pb_use_builder":"on","_et_pb_old_content":"","_et_gb_content_width":"","footnotes":""},"class_list":["post-29264","page","type-page","status-publish","hentry"],"aioseo_notices":[],"_links":{"self":[{"href":"https:\/\/savifrance.fr\/en\/wp-json\/wp\/v2\/pages\/29264","targetHints":{"allow":["GET"]}}],"collection":[{"href":"https:\/\/savifrance.fr\/en\/wp-json\/wp\/v2\/pages"}],"about":[{"href":"https:\/\/savifrance.fr\/en\/wp-json\/wp\/v2\/types\/page"}],"author":[{"embeddable":true,"href":"https:\/\/savifrance.fr\/en\/wp-json\/wp\/v2\/users\/1"}],"replies":[{"embeddable":true,"href":"https:\/\/savifrance.fr\/en\/wp-json\/wp\/v2\/comments?post=29264"}],"version-history":[{"count":17,"href":"https:\/\/savifrance.fr\/en\/wp-json\/wp\/v2\/pages\/29264\/revisions"}],"predecessor-version":[{"id":29292,"href":"https:\/\/savifrance.fr\/en\/wp-json\/wp\/v2\/pages\/29264\/revisions\/29292"}],"wp:attachment":[{"href":"https:\/\/savifrance.fr\/en\/wp-json\/wp\/v2\/media?parent=29264"}],"curies":[{"name":"wp","href":"https:\/\/api.w.org\/{rel}","templated":true}]}}